{"id":1819,"date":"2025-07-04T15:02:23","date_gmt":"2025-07-04T15:02:23","guid":{"rendered":"https:\/\/grupomci.cl\/?page_id=1819"},"modified":"2026-03-18T18:50:29","modified_gmt":"2026-03-18T18:50:29","slug":"linea-de-denuncias","status":"publish","type":"page","link":"https:\/\/grupomci.cl\/en\/linea-de-denuncias\/","title":{"rendered":"Linea de Denuncias"},"content":{"rendered":"<div data-elementor-type=\"wp-page\" data-elementor-id=\"1819\" class=\"elementor elementor-1819\" data-elementor-post-type=\"page\">\n\t\t\t\t\t\t<section class=\"elementor-section elementor-top-section elementor-element elementor-element-b1ff214 den-hero elementor-section-boxed elementor-section-height-default elementor-section-height-default\" data-id=\"b1ff214\" data-element_type=\"section\" data-settings=\"{&quot;background_background&quot;:&quot;classic&quot;,&quot;shape_divider_top&quot;:&quot;opacity-tilt&quot;}\">\n\t\t\t\t\t\t\t<div class=\"elementor-background-overlay\"><\/div>\n\t\t\t\t\t\t<div class=\"elementor-shape elementor-shape-top\" aria-hidden=\"true\" data-negative=\"false\">\n\t\t\t<svg xmlns=\"http:\/\/www.w3.org\/2000\/svg\" viewbox=\"0 0 2600 131.1\" preserveaspectratio=\"none\">\n\t<path class=\"elementor-shape-fill\" d=\"M0 0L2600 0 2600 69.1 0 0z\"\/>\n\t<path class=\"elementor-shape-fill\" style=\"opacity:0.5\" d=\"M0 0L2600 0 2600 69.1 0 69.1z\"\/>\n\t<path class=\"elementor-shape-fill\" style=\"opacity:0.25\" d=\"M2600 0L0 0 0 130.1 2600 69.1z\"\/>\n<\/svg>\t\t<\/div>\n\t\t\t\t\t<div class=\"elementor-container elementor-column-gap-no\">\n\t\t\t\t\t<div class=\"elementor-column elementor-col-100 elementor-top-column elementor-element elementor-element-1f5ead2\" data-id=\"1f5ead2\" data-element_type=\"column\" data-settings=\"{&quot;background_background&quot;:&quot;classic&quot;}\">\n\t\t\t<div class=\"elementor-widget-wrap elementor-element-populated\">\n\t\t\t\t\t\t<div class=\"elementor-element elementor-element-3281813 elementor-widget elementor-widget-heading\" data-id=\"3281813\" data-element_type=\"widget\" id=\"lineadenuncia\" data-widget_type=\"heading.default\">\n\t\t\t\t<div class=\"elementor-widget-container\">\n\t\t\t\t\t<h1 class=\"elementor-heading-title elementor-size-default\">L\u00ednea de Denuncia<\/h1>\t\t\t\t<\/div>\n\t\t\t\t<\/div>\n\t\t\t\t\t<\/div>\n\t\t<\/div>\n\t\t\t\t\t<\/div>\n\t\t<\/section>\n\t\t\t\t<section class=\"elementor-section elementor-top-section elementor-element elementor-element-b51bbdd den-policy elementor-section-boxed elementor-section-height-default elementor-section-height-default\" data-id=\"b51bbdd\" data-element_type=\"section\" data-settings=\"{&quot;background_background&quot;:&quot;classic&quot;}\">\n\t\t\t\t\t\t\t<div class=\"elementor-background-overlay\"><\/div>\n\t\t\t\t\t\t\t<div class=\"elementor-container elementor-column-gap-no\">\n\t\t\t\t\t<div class=\"elementor-column elementor-col-100 elementor-top-column elementor-element elementor-element-8df2484\" data-id=\"8df2484\" data-element_type=\"column\" data-settings=\"{&quot;background_background&quot;:&quot;classic&quot;}\">\n\t\t\t<div class=\"elementor-widget-wrap elementor-element-populated\">\n\t\t\t\t\t\t<div class=\"elementor-element elementor-element-c5bcf3f elementor-widget elementor-widget-heading\" data-id=\"c5bcf3f\" data-element_type=\"widget\" data-widget_type=\"heading.default\">\n\t\t\t\t<div class=\"elementor-widget-container\">\n\t\t\t\t\t<h2 class=\"elementor-heading-title elementor-size-default\">Nuestra Pol\u00edtica <\/h2>\t\t\t\t<\/div>\n\t\t\t\t<\/div>\n\t\t\t\t<div class=\"elementor-element elementor-element-ae13e56 elementor-widget__width-initial elementor-widget elementor-widget-text-editor\" data-id=\"ae13e56\" data-element_type=\"widget\" data-widget_type=\"text-editor.default\">\n\t\t\t\t<div class=\"elementor-widget-container\">\n\t\t\t\t\t\t\t\t\t<p>En MCI\u00ae SpA estamos comprometidos con una cultura de integridad, \u00e9tica y cumplimiento. Por ello, en el marco de nuestro <strong data-start=\"359\" data-end=\"425\">Modelo de Prevenci\u00f3n de Delitos (MPD) conforme a la Ley 20.393<\/strong>, hemos habilitado este canal seguro para que cualquier persona \u2014sea colaborador, proveedor, cliente u otro\u2014 pueda reportar hechos que puedan constituir delitos, irregularidades graves o infracciones \u00e9ticas.<\/p>\t\t\t\t\t\t\t\t<\/div>\n\t\t\t\t<\/div>\n\t\t\t\t\t<\/div>\n\t\t<\/div>\n\t\t\t\t\t<\/div>\n\t\t<\/section>\n\t\t\t\t<section class=\"elementor-section elementor-top-section elementor-element elementor-element-22fcf7a2 elementor-section-content-middle den-form elementor-section-boxed elementor-section-height-default elementor-section-height-default\" data-id=\"22fcf7a2\" data-element_type=\"section\" id=\"denuncias\" data-settings=\"{&quot;background_background&quot;:&quot;classic&quot;}\">\n\t\t\t\t\t\t\t<div class=\"elementor-background-overlay\"><\/div>\n\t\t\t\t\t\t\t<div class=\"elementor-container elementor-column-gap-no\">\n\t\t\t\t\t<div class=\"elementor-column elementor-col-100 elementor-top-column elementor-element elementor-element-6cc0a3b1 den-card den-card--form\" data-id=\"6cc0a3b1\" data-element_type=\"column\">\n\t\t\t<div class=\"elementor-widget-wrap elementor-element-populated\">\n\t\t\t\t\t\t<div class=\"elementor-element elementor-element-aa743ad elementor-widget-divider--view-line elementor-widget elementor-widget-divider\" data-id=\"aa743ad\" data-element_type=\"widget\" data-widget_type=\"divider.default\">\n\t\t\t\t<div class=\"elementor-widget-container\">\n\t\t\t\t\t\t\t<div class=\"elementor-divider\">\n\t\t\t<span class=\"elementor-divider-separator\">\n\t\t\t\t\t\t<\/span>\n\t\t<\/div>\n\t\t\t\t\t\t<\/div>\n\t\t\t\t<\/div>\n\t\t\t\t<div class=\"elementor-element elementor-element-35aae5b4 elementor-widget elementor-widget-heading\" data-id=\"35aae5b4\" data-element_type=\"widget\" id=\"denuncias\" data-widget_type=\"heading.default\">\n\t\t\t\t<div class=\"elementor-widget-container\">\n\t\t\t\t\t<h4 class=\"elementor-heading-title elementor-size-default\">Formulario de Denuncia<\/h4>\t\t\t\t<\/div>\n\t\t\t\t<\/div>\n\t\t\t\t<div class=\"elementor-element elementor-element-33c00e0 elementor-widget elementor-widget-shortcode\" data-id=\"33c00e0\" data-element_type=\"widget\" data-widget_type=\"shortcode.default\">\n\t\t\t\t<div class=\"elementor-widget-container\">\n\t\t\t\t\t\t\t<div class=\"elementor-shortcode\"><div class=\"forminator-ui forminator-custom-form forminator-custom-form-2036 forminator-design--default  forminator_ajax\" data-forminator-render=\"0\" data-form=\"forminator-module-2036\" data-uid=\"69e14a566ed0b\"><br\/><\/div><form\n\t\t\t\tid=\"forminator-module-2036\"\n\t\t\t\tclass=\"forminator-ui forminator-custom-form forminator-custom-form-2036 forminator-design--default  forminator_ajax\"\n\t\t\t\tmethod=\"post\"\n\t\t\t\tdata-forminator-render=\"0\"\n\t\t\t\tdata-form-id=\"2036\"\n\t\t\t\tenctype=\"multipart\/form-data\" data-color-option=\"theme\" data-design=\"default\" data-grid=\"open\" style=\"display: none;\"\n\t\t\t\tdata-uid=\"69e14a566ed0b\" action=\"\"\n\t\t\t><div role=\"alert\" aria-live=\"polite\" class=\"forminator-response-message forminator-error\" aria-hidden=\"true\"><\/div><div class=\"forminator-row\"><div id=\"name-1\" class=\"forminator-field-name forminator-col forminator-col-12\"><div class=\"forminator-field\"><label for=\"forminator-field-name-1_69e14a566ed0b\" id=\"forminator-field-name-1_69e14a566ed0b-label\" class=\"forminator-label\">Nombre<\/label><span id=\"forminator-field-name-1_69e14a566ed0b-description\" class=\"forminator-description\">Opcional - Puede ser an\u00f3nimo<\/span><input type=\"text\" name=\"name-1\" value=\"\" placeholder=\"\" id=\"forminator-field-name-1_69e14a566ed0b\" class=\"forminator-input forminator-name--field\" aria-required=\"false\" autocomplete=\"name\" aria-describedby=\"forminator-field-name-1_69e14a566ed0b-description\" \/><\/div><\/div><\/div><div class=\"forminator-row\"><div id=\"email-1\" class=\"forminator-field-email forminator-col forminator-col-12\"><div class=\"forminator-field\"><label for=\"forminator-field-email-1_69e14a566ed0b\" id=\"forminator-field-email-1_69e14a566ed0b-label\" class=\"forminator-label\">Correo <span class=\"forminator-required\">*<\/span><\/label><span id=\"forminator-field-email-1_69e14a566ed0b-description\" class=\"forminator-description\">Para recibir informaci\u00f3n y actualizaciones<\/span><input type=\"email\" name=\"email-1\" value=\"\" placeholder=\"\" id=\"forminator-field-email-1_69e14a566ed0b\" class=\"forminator-input forminator-email--field\" data-required=\"1\" aria-required=\"true\" autocomplete=\"email\" aria-describedby=\"forminator-field-email-1_69e14a566ed0b-description\" \/><\/div><\/div><\/div><div class=\"forminator-row\"><div id=\"phone-1\" class=\"forminator-field-phone forminator-col forminator-col-12\"><div class=\"forminator-field\"><label for=\"forminator-field-phone-1_69e14a566ed0b\" id=\"forminator-field-phone-1_69e14a566ed0b-label\" class=\"forminator-label\">Tel\u00e9fono<\/label><span id=\"forminator-field-phone-1_69e14a566ed0b-description\" class=\"forminator-description\">Opcional<\/span><input type=\"text\" name=\"phone-1\" value=\"\" placeholder=\"\" id=\"forminator-field-phone-1_69e14a566ed0b\" class=\"forminator-input forminator-field--phone\" data-required=\"\" aria-required=\"false\" autocomplete=\"off\" aria-describedby=\"forminator-field-phone-1_69e14a566ed0b-description\" \/><\/div><\/div><\/div><div class=\"forminator-row\"><div id=\"select-1\" class=\"forminator-field-select forminator-col forminator-col-12\"><div class=\"forminator-field\"><label for=\"forminator-form-2036__field--select-1_69e14a566ed0b\" id=\"forminator-form-2036__field--select-1_69e14a566ed0b-label\" class=\"forminator-label\">Relaci\u00f3n con la compa\u00f1\u00eda<\/label><span id=\"forminator-form-2036__field--select-1_69e14a566ed0b-description\" class=\"forminator-description\">Indique que relaci\u00f3n tiene usted con nuestra compa\u00f1\u00eda<\/span><select  id=\"forminator-form-2036__field--select-1_69e14a566ed0b\" class=\"forminator-select--field forminator-select2 forminator-select2-multiple\" data-required=\"\" name=\"select-1\" data-default-value=\"\" data-hidden-behavior=\"zero\" data-placeholder=\"\" data-search=\"false\" data-search-placeholder=\"\" data-checkbox=\"false\" data-allow-clear=\"false\" aria-labelledby=\"forminator-form-2036__field--select-1_69e14a566ed0b-label\" aria-describedby=\"forminator-form-2036__field--select-1_69e14a566ed0b-description\"><option value=\"one\"  data-calculation=\"0\">Accionista<\/option><option value=\"two\"  data-calculation=\"0\">Cliente<\/option><option value=\"Competencia\"  data-calculation=\"0\">Competencia<\/option><option value=\"Comunidad\"  data-calculation=\"0\">Comunidad<\/option><option value=\"Proveedor\"  data-calculation=\"0\">Proveedor<\/option><option value=\"Trabajador\"  data-calculation=\"0\">Trabajador<\/option><option value=\"Funcionario-p\u00fablico\"  data-calculation=\"0\">Funcionario p\u00fablico<\/option><\/select><\/div><\/div><\/div><div class=\"forminator-row\"><div id=\"upload-1\" class=\"forminator-field-upload forminator-col forminator-col-12\"><div class=\"forminator-field\"><label for=\"forminator-field-upload-1_69e14a566ed0b\" id=\"forminator-field-upload-1_69e14a566ed0b-label\" class=\"forminator-label\">Archivos de prueba<\/label><span id=\"forminator-field-upload-1_69e14a566ed0b-description\" class=\"forminator-description\">Opcional<\/span><div class=\"forminator-multi-upload\" data-element=\"upload-1_69e14a566ed0b\" aria-describedby=\"forminator-field-upload-1_69e14a566ed0b-description\"><input type=\"file\" name=\"upload-1[]\" id=\"forminator-field-upload-1_69e14a566ed0b\" class=\"forminator-input-file forminator-field-upload-1_69e14a566ed0b-2036\" multiple=\"multiple\" data-method=\"ajax\" data-limit=\"5\" data-limit-message=\"You can upload a maximum of 5 files.\" data-size=\"8000000\" data-size-message=\"Maximum file size allowed is 8 MB. \"><div class=\"forminator-multi-upload-message\" aria-hidden=\"true\"><span class=\"forminator-icon-upload\" aria-hidden=\"true\"><\/span><p>Drag and Drop (or) <a class=\"forminator-upload-file--forminator-field-upload-1_69e14a566ed0b\" href=\"#\" onclick=\"return false;\">Choose Files<\/a><\/p><\/div><\/div><ul class=\"forminator-uploaded-files upload-container-upload-1_69e14a566ed0b\"><\/ul><\/div><\/div><\/div><div class=\"forminator-row\"><div id=\"textarea-1\" class=\"forminator-field-textarea forminator-col forminator-col-12\"><div class=\"forminator-field\"><label for=\"forminator-field-textarea-1_69e14a566ed0b\" id=\"forminator-field-textarea-1_69e14a566ed0b-label\" class=\"forminator-label\">Descripci\u00f3n de los hechos<\/label><span id=\"forminator-field-textarea-1_69e14a566ed0b-description\" class=\"forminator-description\">Indique, de forma detallada, c\u00f3mo ocurrieron los hechos a denunciar<\/span><textarea name=\"textarea-1\" placeholder=\"\" id=\"forminator-field-textarea-1_69e14a566ed0b\" class=\"forminator-textarea\" rows=\"6\" style=\"min-height:140px;\" aria-describedby=\"forminator-field-textarea-1_69e14a566ed0b-description\" ><\/textarea><\/div><\/div><\/div><input type=\"hidden\" name=\"referer_url\" value=\"\" \/><div class=\"forminator-row forminator-row-last\"><div class=\"forminator-col\"><div class=\"forminator-field\"><button class=\"forminator-button forminator-button-submit\">Enviar denuncia<\/button><\/div><\/div><\/div><input type=\"hidden\" id=\"forminator_nonce\" name=\"forminator_nonce\" value=\"e62002188a\" \/><input type=\"hidden\" name=\"_wp_http_referer\" value=\"\/en\/wp-json\/wp\/v2\/pages\/1819\" \/><input type=\"hidden\" name=\"form_id\" value=\"2036\"><input type=\"hidden\" name=\"page_id\" value=\"1819\"><input type=\"hidden\" name=\"form_type\" value=\"default\"><input type=\"hidden\" name=\"current_url\" value=\"https:\/\/grupomci.cl\/en\/linea-de-denuncias\/\"><input type=\"hidden\" name=\"render_id\" value=\"0\"><input type=\"hidden\" name=\"forminator-multifile-hidden\" class=\"forminator-multifile-hidden\"><input type=\"hidden\" name=\"action\" value=\"forminator_submit_form_custom-forms\"><input type=\"hidden\" name=\"trp-form-language\" value=\"en\"\/><\/form><\/div>\n\t\t\t\t\t\t<\/div>\n\t\t\t\t<\/div>\n\t\t\t\t\t<\/div>\n\t\t<\/div>\n\t\t\t\t\t<\/div>\n\t\t<\/section>\n\t\t\t\t<section class=\"elementor-section elementor-top-section elementor-element elementor-element-0dd8369 den-karin elementor-section-boxed elementor-section-height-default elementor-section-height-default\" data-id=\"0dd8369\" data-element_type=\"section\">\n\t\t\t\t\t\t<div class=\"elementor-container elementor-column-gap-default\">\n\t\t\t\t\t<div class=\"elementor-column elementor-col-100 elementor-top-column elementor-element elementor-element-16f8e98\" data-id=\"16f8e98\" data-element_type=\"column\">\n\t\t\t<div class=\"elementor-widget-wrap elementor-element-populated\">\n\t\t\t\t\t\t<div class=\"elementor-element elementor-element-a6db688 elementor-widget-divider--view-line elementor-widget elementor-widget-divider\" data-id=\"a6db688\" data-element_type=\"widget\" data-widget_type=\"divider.default\">\n\t\t\t\t<div class=\"elementor-widget-container\">\n\t\t\t\t\t\t\t<div class=\"elementor-divider\">\n\t\t\t<span class=\"elementor-divider-separator\">\n\t\t\t\t\t\t<\/span>\n\t\t<\/div>\n\t\t\t\t\t\t<\/div>\n\t\t\t\t<\/div>\n\t\t\t\t<div class=\"elementor-element elementor-element-ee0e749 elementor-widget__width-initial elementor-widget elementor-widget-heading\" data-id=\"ee0e749\" data-element_type=\"widget\" id=\"leykarin\" data-widget_type=\"heading.default\">\n\t\t\t\t<div class=\"elementor-widget-container\">\n\t\t\t\t\t<h2 class=\"elementor-heading-title elementor-size-default\">Importante <\/h2>\t\t\t\t<\/div>\n\t\t\t\t<\/div>\n\t\t\t\t<div class=\"elementor-element elementor-element-b06967a elementor-widget__width-auto elementor-widget elementor-widget-text-editor\" data-id=\"b06967a\" data-element_type=\"widget\" data-widget_type=\"text-editor.default\">\n\t\t\t\t<div class=\"elementor-widget-container\">\n\t\t\t\t\t\t\t\t\t<p style=\"text-align: center;\" data-start=\"689\" data-end=\"829\">Si tu denuncia se enmarca en los mecanismos de protecci\u00f3n de la <strong data-start=\"1734\" data-end=\"1748\">Ley 21.643<\/strong>, por favor <strong data-start=\"1760\" data-end=\"1795\">haz clic en el siguiente bot\u00f3n <\/strong>para acceder al procedimiento correspondiente:<\/p>\t\t\t\t\t\t\t\t<\/div>\n\t\t\t\t<\/div>\n\t\t\t\t<div class=\"elementor-element elementor-element-2923d0d elementor-align-center elementor-widget elementor-widget-button\" data-id=\"2923d0d\" data-element_type=\"widget\" data-widget_type=\"button.default\">\n\t\t\t\t<div class=\"elementor-widget-container\">\n\t\t\t\t\t\t\t\t\t<div class=\"elementor-button-wrapper\">\n\t\t\t\t\t<a class=\"elementor-button elementor-button-link elementor-size-sm\" href=\"\/en\/ley-karin\/\">\n\t\t\t\t\t\t<span class=\"elementor-button-content-wrapper\">\n\t\t\t\t\t\t<span class=\"elementor-button-icon\">\n\t\t\t\t<i aria-hidden=\"true\" class=\"far fa-paper-plane\"><\/i>\t\t\t<\/span>\n\t\t\t\t\t\t\t\t\t<span class=\"elementor-button-text\">DENUNCIA LEY KARIN N\u00ba 21.643 <\/span>\n\t\t\t\t\t<\/span>\n\t\t\t\t\t<\/a>\n\t\t\t\t<\/div>\n\t\t\t\t\t\t\t\t<\/div>\n\t\t\t\t<\/div>\n\t\t\t\t\t<\/div>\n\t\t<\/div>\n\t\t\t\t\t<\/div>\n\t\t<\/section>\n\t\t\t\t<section class=\"elementor-section elementor-top-section elementor-element elementor-element-7ea447d9 elementor-section-content-middle den-note elementor-section-boxed elementor-section-height-default elementor-section-height-default\" data-id=\"7ea447d9\" data-element_type=\"section\" data-settings=\"{&quot;background_background&quot;:&quot;classic&quot;}\">\n\t\t\t\t\t\t\t<div class=\"elementor-background-overlay\"><\/div>\n\t\t\t\t\t\t\t<div class=\"elementor-container elementor-column-gap-no\">\n\t\t\t\t\t<div class=\"elementor-column elementor-col-50 elementor-top-column elementor-element elementor-element-7ff3ed6e\" data-id=\"7ff3ed6e\" data-element_type=\"column\">\n\t\t\t<div class=\"elementor-widget-wrap elementor-element-populated\">\n\t\t\t\t\t\t<div class=\"elementor-element elementor-element-e08c519 elementor-vertical-align-middle elementor-widget elementor-widget-image-box\" data-id=\"e08c519\" data-element_type=\"widget\" data-widget_type=\"image-box.default\">\n\t\t\t\t<div class=\"elementor-widget-container\">\n\t\t\t\t\t<div class=\"elementor-image-box-wrapper\"><div class=\"elementor-image-box-content\"><h3 class=\"elementor-image-box-title\">IMPORTANTE<\/h3><\/div><\/div>\t\t\t\t<\/div>\n\t\t\t\t<\/div>\n\t\t\t\t\t<\/div>\n\t\t<\/div>\n\t\t\t\t<div class=\"elementor-column elementor-col-50 elementor-top-column elementor-element elementor-element-1028f99f\" data-id=\"1028f99f\" data-element_type=\"column\">\n\t\t\t<div class=\"elementor-widget-wrap elementor-element-populated\">\n\t\t\t\t\t\t<div class=\"elementor-element elementor-element-5a5ff7f9 elementor-widget elementor-widget-text-editor\" data-id=\"5a5ff7f9\" data-element_type=\"widget\" data-widget_type=\"text-editor.default\">\n\t\t\t\t<div class=\"elementor-widget-container\">\n\t\t\t\t\t\t\t\t\t<p data-start=\"1251\" data-end=\"1307\">Te recordamos que este canal <strong data-start=\"1280\" data-end=\"1301\">no est\u00e1 destinado<\/strong> para:<\/p><ul data-start=\"1309\" data-end=\"1514\"><li data-start=\"1309\" data-end=\"1346\"><p data-start=\"1311\" data-end=\"1346\">Reclamos por servicios o productos.<\/p><\/li><li data-start=\"1347\" data-end=\"1402\"><p data-start=\"1349\" data-end=\"1402\">Consultas, ofertas o gestiones de car\u00e1cter comercial.<\/p><\/li><li data-start=\"1403\" data-end=\"1514\"><p data-start=\"1405\" data-end=\"1514\">Reportes de emergencias o situaciones que representen un peligro inmediato para personas o bienes materiales.<\/p><\/li><\/ul><p data-start=\"1516\" data-end=\"1601\">Para estos casos, por favor utiliza los canales de atenci\u00f3n habituales de la empresa.<\/p>\t\t\t\t\t\t\t\t<\/div>\n\t\t\t\t<\/div>\n\t\t\t\t\t<\/div>\n\t\t<\/div>\n\t\t\t\t\t<\/div>\n\t\t<\/section>\n\t\t\t\t<\/div>","protected":false},"excerpt":{"rendered":"<p>L\u00ednea de Denuncia Nuestra Pol\u00edtica En MCI\u00ae SpA estamos comprometidos con una cultura de integridad, \u00e9tica y cumplimiento. Por ello, en el marco de nuestro Modelo de Prevenci\u00f3n de Delitos (MPD) conforme a la Ley 20.393, hemos habilitado este canal seguro para que cualquier persona \u2014sea colaborador, proveedor, cliente u otro\u2014 pueda reportar hechos que [&hellip;]<\/p>","protected":false},"author":1,"featured_media":0,"parent":0,"menu_order":0,"comment_status":"closed","ping_status":"closed","template":"","meta":{"om_disable_all_campaigns":false,"_monsterinsights_skip_tracking":false,"_monsterinsights_sitenote_active":false,"_monsterinsights_sitenote_note":"","_monsterinsights_sitenote_category":0,"site-sidebar-layout":"no-sidebar","site-content-layout":"page-builder","ast-site-content-layout":"default","site-content-style":"default","site-sidebar-style":"default","ast-global-header-display":"","ast-banner-title-visibility":"","ast-main-header-display":"","ast-hfb-above-header-display":"","ast-hfb-below-header-display":"","ast-hfb-mobile-header-display":"","site-post-title":"disabled","ast-breadcrumbs-content":"","ast-featured-img":"disabled","footer-sml-layout":"","theme-transparent-header-meta":"enabled","adv-header-id-meta":"","stick-header-meta":"","header-above-stick-meta":"","header-main-stick-meta":"","header-below-stick-meta":"","astra-migrate-meta-layouts":"default","ast-page-background-enabled":"default","ast-page-background-meta":{"desktop":{"background-color":"","background-image":"","background-repeat":"repeat","background-position":"center center","background-size":"auto","background-attachment":"scroll","background-type":"","background-media":"","overlay-type":"","overlay-color":"","overlay-opacity":"","overlay-gradient":""},"tablet":{"background-color":"","background-image":"","background-repeat":"repeat","background-position":"center center","background-size":"auto","background-attachment":"scroll","background-type":"","background-media":"","overlay-type":"","overlay-color":"","overlay-opacity":"","overlay-gradient":""},"mobile":{"background-color":"","background-image":"","background-repeat":"repeat","background-position":"center center","background-size":"auto","background-attachment":"scroll","background-type":"","background-media":"","overlay-type":"","overlay-color":"","overlay-opacity":"","overlay-gradient":""}},"ast-content-background-meta":{"desktop":{"background-color":"var(--ast-global-color-5)","background-image":"","background-repeat":"repeat","background-position":"center center","background-size":"auto","background-attachment":"scroll","background-type":"","background-media":"","overlay-type":"","overlay-color":"","overlay-opacity":"","overlay-gradient":""},"tablet":{"background-color":"var(--ast-global-color-5)","background-image":"","background-repeat":"repeat","background-position":"center center","background-size":"auto","background-attachment":"scroll","background-type":"","background-media":"","overlay-type":"","overlay-color":"","overlay-opacity":"","overlay-gradient":""},"mobile":{"background-color":"var(--ast-global-color-5)","background-image":"","background-repeat":"repeat","background-position":"center center","background-size":"auto","background-attachment":"scroll","background-type":"","background-media":"","overlay-type":"","overlay-color":"","overlay-opacity":"","overlay-gradient":""}},"footnotes":""},"class_list":["post-1819","page","type-page","status-publish","hentry"],"aioseo_notices":[],"_links":{"self":[{"href":"https:\/\/grupomci.cl\/en\/wp-json\/wp\/v2\/pages\/1819","targetHints":{"allow":["GET"]}}],"collection":[{"href":"https:\/\/grupomci.cl\/en\/wp-json\/wp\/v2\/pages"}],"about":[{"href":"https:\/\/grupomci.cl\/en\/wp-json\/wp\/v2\/types\/page"}],"author":[{"embeddable":true,"href":"https:\/\/grupomci.cl\/en\/wp-json\/wp\/v2\/users\/1"}],"replies":[{"embeddable":true,"href":"https:\/\/grupomci.cl\/en\/wp-json\/wp\/v2\/comments?post=1819"}],"version-history":[{"count":62,"href":"https:\/\/grupomci.cl\/en\/wp-json\/wp\/v2\/pages\/1819\/revisions"}],"predecessor-version":[{"id":2311,"href":"https:\/\/grupomci.cl\/en\/wp-json\/wp\/v2\/pages\/1819\/revisions\/2311"}],"wp:attachment":[{"href":"https:\/\/grupomci.cl\/en\/wp-json\/wp\/v2\/media?parent=1819"}],"curies":[{"name":"wp","href":"https:\/\/api.w.org\/{rel}","templated":true}]}}