{"id":2285,"date":"2026-03-13T21:37:16","date_gmt":"2026-03-13T21:37:16","guid":{"rendered":"https:\/\/grupomci.cl\/?page_id=2285"},"modified":"2026-03-13T21:43:26","modified_gmt":"2026-03-13T21:43:26","slug":"ley-karin","status":"publish","type":"page","link":"https:\/\/grupomci.cl\/en\/ley-karin\/","title":{"rendered":"Canal de Denuncias Ley Karin"},"content":{"rendered":"<div data-elementor-type=\"wp-page\" data-elementor-id=\"2285\" class=\"elementor elementor-2285\" data-elementor-post-type=\"page\">\n\t\t\t\t\t\t<section class=\"elementor-section elementor-top-section elementor-element elementor-element-b1ff214 den-hero elementor-section-boxed elementor-section-height-default elementor-section-height-default\" data-id=\"b1ff214\" data-element_type=\"section\" data-settings=\"{&quot;background_background&quot;:&quot;classic&quot;,&quot;shape_divider_top&quot;:&quot;opacity-tilt&quot;}\">\n\t\t\t\t\t\t\t<div class=\"elementor-background-overlay\"><\/div>\n\t\t\t\t\t\t<div class=\"elementor-shape elementor-shape-top\" aria-hidden=\"true\" data-negative=\"false\">\n\t\t\t<svg xmlns=\"http:\/\/www.w3.org\/2000\/svg\" viewbox=\"0 0 2600 131.1\" preserveaspectratio=\"none\">\n\t<path class=\"elementor-shape-fill\" d=\"M0 0L2600 0 2600 69.1 0 0z\"\/>\n\t<path class=\"elementor-shape-fill\" style=\"opacity:0.5\" d=\"M0 0L2600 0 2600 69.1 0 69.1z\"\/>\n\t<path class=\"elementor-shape-fill\" style=\"opacity:0.25\" d=\"M2600 0L0 0 0 130.1 2600 69.1z\"\/>\n<\/svg>\t\t<\/div>\n\t\t\t\t\t<div class=\"elementor-container elementor-column-gap-no\">\n\t\t\t\t\t<div class=\"elementor-column elementor-col-100 elementor-top-column elementor-element elementor-element-1f5ead2\" data-id=\"1f5ead2\" data-element_type=\"column\" data-settings=\"{&quot;background_background&quot;:&quot;classic&quot;}\">\n\t\t\t<div class=\"elementor-widget-wrap elementor-element-populated\">\n\t\t\t\t\t\t<div class=\"elementor-element elementor-element-3281813 elementor-widget elementor-widget-heading\" data-id=\"3281813\" data-element_type=\"widget\" id=\"lineadenuncia\" data-widget_type=\"heading.default\">\n\t\t\t\t<div class=\"elementor-widget-container\">\n\t\t\t\t\t<h1 class=\"elementor-heading-title elementor-size-default\">L\u00ednea de Denuncia Ley Karin<\/h1>\t\t\t\t<\/div>\n\t\t\t\t<\/div>\n\t\t\t\t<div class=\"elementor-element elementor-element-8be4044 elementor-widget elementor-widget-shortcode\" data-id=\"8be4044\" data-element_type=\"widget\" data-widget_type=\"shortcode.default\">\n\t\t\t\t<div class=\"elementor-widget-container\">\n\t\t\t\t\t\t\t<div class=\"elementor-shortcode\"><div class=\"forminator-ui forminator-custom-form forminator-custom-form-2277 forminator-design--default  forminator_ajax\" data-forminator-render=\"0\" data-form=\"forminator-module-2277\" data-uid=\"69e1628c4b089\"><br\/><\/div><form\n\t\t\t\tid=\"forminator-module-2277\"\n\t\t\t\tclass=\"forminator-ui forminator-custom-form forminator-custom-form-2277 forminator-design--default  forminator_ajax\"\n\t\t\t\tmethod=\"post\"\n\t\t\t\tdata-forminator-render=\"0\"\n\t\t\t\tdata-form-id=\"2277\"\n\t\t\t\tenctype=\"multipart\/form-data\" data-color-option=\"theme\" data-design=\"default\" data-grid=\"open\" style=\"display: none;\"\n\t\t\t\tdata-uid=\"69e1628c4b089\" action=\"\"\n\t\t\t><div role=\"alert\" aria-live=\"polite\" class=\"forminator-response-message forminator-error\" aria-hidden=\"true\"><\/div><div class=\"forminator-row\"><div id=\"select-2\" class=\"forminator-field-select forminator-col forminator-col-12\"><div class=\"forminator-field\"><label for=\"forminator-form-2277__field--select-2_69e1628c4b089\" id=\"forminator-form-2277__field--select-2_69e1628c4b089-label\" class=\"forminator-label\">Reportado por<\/label><select  id=\"forminator-form-2277__field--select-2_69e1628c4b089\" class=\"forminator-select--field forminator-select2 forminator-select2-multiple\" data-required=\"\" name=\"select-2\" data-default-value=\"\" data-hidden-behavior=\"zero\" data-placeholder=\"Seleccione una opci\u00f3n\" data-search=\"false\" data-search-placeholder=\"Seleccione una opci\u00f3n\" data-checkbox=\"false\" data-allow-clear=\"false\" aria-labelledby=\"forminator-form-2277__field--select-2_69e1628c4b089-label\"><option value=\"\"  >Seleccione una opci\u00f3n<\/option><option value=\"one\"  data-calculation=\"0\">Afectado<\/option><option value=\"two\"  data-calculation=\"0\">Representante<\/option><\/select><\/div><\/div><\/div><div class=\"forminator-row\"><div id=\"select-3\" class=\"forminator-field-select forminator-col forminator-col-12\"><div class=\"forminator-field\"><label for=\"forminator-form-2277__field--select-3_69e1628c4b089\" id=\"forminator-form-2277__field--select-3_69e1628c4b089-label\" class=\"forminator-label\">Motivo de denuncia<\/label><select  id=\"forminator-form-2277__field--select-3_69e1628c4b089\" class=\"forminator-select--field forminator-select2 forminator-select2-multiple\" data-required=\"\" name=\"select-3\" data-default-value=\"\" data-hidden-behavior=\"zero\" data-placeholder=\"Seleccione una opci\u00f3n\" data-search=\"false\" data-search-placeholder=\"Seleccione una opci\u00f3n\" data-checkbox=\"false\" data-allow-clear=\"false\" aria-labelledby=\"forminator-form-2277__field--select-3_69e1628c4b089-label\"><option value=\"\"  >Seleccione una opci\u00f3n<\/option><option value=\"one\"  data-calculation=\"0\">Acoso laboral<\/option><option value=\"two\"  data-calculation=\"0\">Acoso sexual<\/option><option value=\"Violencia-en-el-trabajo\"  data-calculation=\"0\">Violencia en el trabajo<\/option><\/select><\/div><\/div><\/div><div class=\"forminator-row\"><div id=\"html-1\" class=\"forminator-field-html forminator-col forminator-col-12\"><div class=\"forminator-field forminator-merge-tags\" data-field=\"html-1\"><h3 class=\"lk-section-title\">Antecedentes del afectado<\/h3><\/div><\/div><\/div><div class=\"forminator-row\"><div id=\"name-1\" class=\"forminator-field-name forminator-col forminator-col-12\"><div class=\"forminator-field\"><label for=\"forminator-field-name-1_69e1628c4b089\" id=\"forminator-field-name-1_69e1628c4b089-label\" class=\"forminator-label\">Nombre completo del afectado\/a <span class=\"forminator-required\">*<\/span><\/label><input type=\"text\" name=\"name-1\" value=\"\" placeholder=\"\" id=\"forminator-field-name-1_69e1628c4b089\" class=\"forminator-input forminator-name--field\" aria-required=\"true\" autocomplete=\"name\" \/><\/div><\/div><\/div><div class=\"forminator-row\"><div id=\"name-2\" class=\"forminator-field-name forminator-col forminator-col-12\"><div class=\"forminator-field\"><label for=\"forminator-field-name-2_69e1628c4b089\" id=\"forminator-field-name-2_69e1628c4b089-label\" class=\"forminator-label\">RUT del afectado\/a <span class=\"forminator-required\">*<\/span><\/label><input type=\"text\" name=\"name-2\" value=\"\" placeholder=\"\" id=\"forminator-field-name-2_69e1628c4b089\" class=\"forminator-input forminator-name--field\" aria-required=\"true\" autocomplete=\"name\" \/><\/div><\/div><\/div><div class=\"forminator-row\"><div id=\"email-1\" class=\"forminator-field-email forminator-col forminator-col-12\"><div class=\"forminator-field\"><label for=\"forminator-field-email-1_69e1628c4b089\" id=\"forminator-field-email-1_69e1628c4b089-label\" class=\"forminator-label\">Correo electr\u00f3nico del afectado\/a <span class=\"forminator-required\">*<\/span><\/label><span id=\"forminator-field-email-1_69e1628c4b089-description\" class=\"forminator-description\">Para recibir informaci\u00f3n y actualizaciones<\/span><input type=\"email\" name=\"email-1\" value=\"\" placeholder=\"\" id=\"forminator-field-email-1_69e1628c4b089\" class=\"forminator-input forminator-email--field\" data-required=\"1\" aria-required=\"true\" autocomplete=\"email\" aria-describedby=\"forminator-field-email-1_69e1628c4b089-description\" \/><\/div><\/div><\/div><div class=\"forminator-row\"><div id=\"phone-1\" class=\"forminator-field-phone forminator-col forminator-col-12\"><div class=\"forminator-field\"><label for=\"forminator-field-phone-1_69e1628c4b089\" id=\"forminator-field-phone-1_69e1628c4b089-label\" class=\"forminator-label\">Tel\u00e9fono<\/label><span id=\"forminator-field-phone-1_69e1628c4b089-description\" class=\"forminator-description\">Opcional<\/span><input type=\"text\" name=\"phone-1\" value=\"\" placeholder=\"\" id=\"forminator-field-phone-1_69e1628c4b089\" class=\"forminator-input forminator-field--phone\" data-required=\"\" aria-required=\"false\" autocomplete=\"off\" aria-describedby=\"forminator-field-phone-1_69e1628c4b089-description\" \/><\/div><\/div><\/div><div class=\"forminator-row\"><div id=\"textarea-1\" class=\"forminator-field-textarea forminator-col forminator-col-12\"><div class=\"forminator-field\"><label for=\"forminator-field-textarea-1_69e1628c4b089\" id=\"forminator-field-textarea-1_69e1628c4b089-label\" class=\"forminator-label\">Descripci\u00f3n de los hechos<\/label><span id=\"forminator-field-textarea-1_69e1628c4b089-description\" class=\"forminator-description\">Indique, de forma detallada, c\u00f3mo ocurrieron los hechos a denunciar<\/span><textarea name=\"textarea-1\" placeholder=\"\" id=\"forminator-field-textarea-1_69e1628c4b089\" class=\"forminator-textarea\" rows=\"6\" style=\"min-height:140px;\" aria-describedby=\"forminator-field-textarea-1_69e1628c4b089-description\" ><\/textarea><\/div><\/div><\/div><div class=\"forminator-row\"><div id=\"upload-1\" class=\"forminator-field-upload forminator-col forminator-col-12  lk-upload-fix\"><div class=\"forminator-field\"><label for=\"forminator-field-upload-1_69e1628c4b089\" id=\"forminator-field-upload-1_69e1628c4b089-label\" class=\"forminator-label\">Archivos de prueba<\/label><span id=\"forminator-field-upload-1_69e1628c4b089-description\" class=\"forminator-description\">Opcional<\/span><div class=\"forminator-multi-upload\" data-element=\"upload-1_69e1628c4b089\" aria-describedby=\"forminator-field-upload-1_69e1628c4b089-description\"><input type=\"file\" name=\"upload-1[]\" id=\"forminator-field-upload-1_69e1628c4b089\" class=\"forminator-input-file forminator-field-upload-1_69e1628c4b089-2277\" multiple=\"multiple\" data-method=\"ajax\" data-limit=\"5\" data-limit-message=\"You can upload a maximum of 5 files.\" data-size=\"8000000\" data-size-message=\"Maximum file size allowed is 8 MB. \"><div class=\"forminator-multi-upload-message\" aria-hidden=\"true\"><span class=\"forminator-icon-upload\" aria-hidden=\"true\"><\/span><p>Drag and Drop (or) <a class=\"forminator-upload-file--forminator-field-upload-1_69e1628c4b089\" href=\"#\" onclick=\"return false;\">Choose Files<\/a><\/p><\/div><\/div><ul class=\"forminator-uploaded-files upload-container-upload-1_69e1628c4b089\"><\/ul><\/div><\/div><\/div><div class=\"forminator-row\"><div id=\"html-2\" class=\"forminator-field-html forminator-col forminator-col-12\"><div class=\"forminator-field forminator-merge-tags\" data-field=\"html-2\"><h3 class=\"lk-section-title\">Datos del denunciado\/a<\/h3><\/div><\/div><\/div><div class=\"forminator-row\"><div id=\"name-3\" class=\"forminator-field-name forminator-col forminator-col-12\"><div class=\"forminator-field\"><label for=\"forminator-field-name-3_69e1628c4b089\" id=\"forminator-field-name-3_69e1628c4b089-label\" class=\"forminator-label\">Nombre completo del denunciado\/a <span class=\"forminator-required\">*<\/span><\/label><input type=\"text\" name=\"name-3\" value=\"\" placeholder=\"Indique el nombre completo de la persona denunciada\" id=\"forminator-field-name-3_69e1628c4b089\" class=\"forminator-input forminator-name--field\" aria-required=\"true\" autocomplete=\"name\" \/><\/div><\/div><\/div><div class=\"forminator-row\"><div id=\"email-2\" class=\"forminator-field-email forminator-col forminator-col-12\"><div class=\"forminator-field\"><label for=\"forminator-field-email-2_69e1628c4b089\" id=\"forminator-field-email-2_69e1628c4b089-label\" class=\"forminator-label\">Correo electr\u00f3nico del denunciado\/a<\/label><input type=\"email\" name=\"email-2\" value=\"\" placeholder=\"Indique el correo eletr\u00f3nico del denunciado\/a\" id=\"forminator-field-email-2_69e1628c4b089\" class=\"forminator-input forminator-email--field\" data-required=\"\" aria-required=\"false\" autocomplete=\"email\" \/><\/div><\/div><\/div><div class=\"forminator-row\"><div id=\"text-1\" class=\"forminator-field-text forminator-col forminator-col-12\"><div class=\"forminator-field\"><label for=\"forminator-field-text-1_69e1628c4b089\" id=\"forminator-field-text-1_69e1628c4b089-label\" class=\"forminator-label\">Indica v\u00ednculo laboral<\/label><input type=\"text\" name=\"text-1\" value=\"\" placeholder=\"Indique el v\u00ednculo laboral entre el afectado\/a y el denunciado\/a\" id=\"forminator-field-text-1_69e1628c4b089\" class=\"forminator-input forminator-name--field\" data-required=\"\" \/><\/div><\/div><\/div><input type=\"hidden\" name=\"referer_url\" value=\"\" \/><div class=\"forminator-row forminator-row-last\"><div class=\"forminator-col\"><div class=\"forminator-field\"><button class=\"forminator-button forminator-button-submit\">Enviar denuncia<\/button><\/div><\/div><\/div><input type=\"hidden\" id=\"forminator_nonce\" name=\"forminator_nonce\" value=\"303805dcd2\" \/><input type=\"hidden\" name=\"_wp_http_referer\" value=\"\/en\/wp-json\/wp\/v2\/pages\/2285\" \/><input type=\"hidden\" name=\"form_id\" value=\"2277\"><input type=\"hidden\" name=\"page_id\" value=\"2285\"><input type=\"hidden\" name=\"form_type\" value=\"default\"><input type=\"hidden\" name=\"current_url\" value=\"https:\/\/grupomci.cl\/en\/ley-karin\/\"><input type=\"hidden\" name=\"render_id\" value=\"0\"><input type=\"hidden\" name=\"forminator-multifile-hidden\" class=\"forminator-multifile-hidden\"><input type=\"hidden\" name=\"action\" value=\"forminator_submit_form_custom-forms\"><input type=\"hidden\" name=\"trp-form-language\" value=\"en\"\/><\/form>\n<\/div>\n\t\t\t\t\t\t<\/div>\n\t\t\t\t<\/div>\n\t\t\t\t\t<\/div>\n\t\t<\/div>\n\t\t\t\t\t<\/div>\n\t\t<\/section>\n\t\t\t\t<section class=\"elementor-section elementor-top-section elementor-element elementor-element-7ea447d9 elementor-section-content-middle den-note elementor-section-boxed elementor-section-height-default elementor-section-height-default\" data-id=\"7ea447d9\" data-element_type=\"section\" data-settings=\"{&quot;background_background&quot;:&quot;classic&quot;}\">\n\t\t\t\t\t\t\t<div class=\"elementor-background-overlay\"><\/div>\n\t\t\t\t\t\t\t<div class=\"elementor-container elementor-column-gap-no\">\n\t\t\t\t\t<div class=\"elementor-column elementor-col-50 elementor-top-column elementor-element elementor-element-7ff3ed6e\" data-id=\"7ff3ed6e\" data-element_type=\"column\">\n\t\t\t<div class=\"elementor-widget-wrap elementor-element-populated\">\n\t\t\t\t\t\t<div class=\"elementor-element elementor-element-e08c519 elementor-vertical-align-middle elementor-widget elementor-widget-image-box\" data-id=\"e08c519\" data-element_type=\"widget\" data-widget_type=\"image-box.default\">\n\t\t\t\t<div class=\"elementor-widget-container\">\n\t\t\t\t\t<div class=\"elementor-image-box-wrapper\"><div class=\"elementor-image-box-content\"><h3 class=\"elementor-image-box-title\">IMPORTANTE<\/h3><\/div><\/div>\t\t\t\t<\/div>\n\t\t\t\t<\/div>\n\t\t\t\t\t<\/div>\n\t\t<\/div>\n\t\t\t\t<div class=\"elementor-column elementor-col-50 elementor-top-column elementor-element elementor-element-1028f99f\" data-id=\"1028f99f\" data-element_type=\"column\">\n\t\t\t<div class=\"elementor-widget-wrap elementor-element-populated\">\n\t\t\t\t\t\t<div class=\"elementor-element elementor-element-5a5ff7f9 elementor-widget elementor-widget-text-editor\" data-id=\"5a5ff7f9\" data-element_type=\"widget\" data-widget_type=\"text-editor.default\">\n\t\t\t\t<div class=\"elementor-widget-container\">\n\t\t\t\t\t\t\t\t\t<p data-start=\"1251\" data-end=\"1307\">Te recordamos que este canal <strong data-start=\"1280\" data-end=\"1301\">no est\u00e1 destinado<\/strong> para:<\/p><ul data-start=\"1309\" data-end=\"1514\"><li data-start=\"1309\" data-end=\"1346\"><p data-start=\"1311\" data-end=\"1346\">Reclamos por servicios o productos.<\/p><\/li><li data-start=\"1347\" data-end=\"1402\"><p data-start=\"1349\" data-end=\"1402\">Consultas, ofertas o gestiones de car\u00e1cter comercial.<\/p><\/li><li data-start=\"1403\" data-end=\"1514\"><p data-start=\"1405\" data-end=\"1514\">Reportes de emergencias o situaciones que representen un peligro inmediato para personas o bienes materiales.<\/p><\/li><\/ul><p data-start=\"1516\" data-end=\"1601\">Para estos casos, por favor utiliza los canales de atenci\u00f3n habituales de la empresa.<\/p>\t\t\t\t\t\t\t\t<\/div>\n\t\t\t\t<\/div>\n\t\t\t\t\t<\/div>\n\t\t<\/div>\n\t\t\t\t\t<\/div>\n\t\t<\/section>\n\t\t\t\t<\/div>","protected":false},"excerpt":{"rendered":"<p>L\u00ednea de Denuncia Ley Karin IMPORTANTE Te recordamos que este canal no est\u00e1 destinado para: Reclamos por servicios o productos. Consultas, ofertas o gestiones de car\u00e1cter comercial. Reportes de emergencias o situaciones que representen un peligro inmediato para personas o bienes materiales. Para estos casos, por favor utiliza los canales de atenci\u00f3n habituales de la [&hellip;]<\/p>","protected":false},"author":1,"featured_media":0,"parent":0,"menu_order":0,"comment_status":"closed","ping_status":"closed","template":"","meta":{"om_disable_all_campaigns":false,"_monsterinsights_skip_tracking":false,"_monsterinsights_sitenote_active":false,"_monsterinsights_sitenote_note":"","_monsterinsights_sitenote_category":0,"site-sidebar-layout":"no-sidebar","site-content-layout":"page-builder","ast-site-content-layout":"full-width-container","site-content-style":"unboxed","site-sidebar-style":"unboxed","ast-global-header-display":"","ast-banner-title-visibility":"","ast-main-header-display":"","ast-hfb-above-header-display":"","ast-hfb-below-header-display":"","ast-hfb-mobile-header-display":"","site-post-title":"disabled","ast-breadcrumbs-content":"","ast-featured-img":"disabled","footer-sml-layout":"","theme-transparent-header-meta":"enabled","adv-header-id-meta":"","stick-header-meta":"","header-above-stick-meta":"","header-main-stick-meta":"","header-below-stick-meta":"","astra-migrate-meta-layouts":"set","ast-page-background-enabled":"default","ast-page-background-meta":{"desktop":{"background-color":"","background-image":"","background-repeat":"repeat","background-position":"center center","background-size":"auto","background-attachment":"scroll","background-type":"","background-media":"","overlay-type":"","overlay-color":"","overlay-opacity":"","overlay-gradient":""},"tablet":{"background-color":"","background-image":"","background-repeat":"repeat","background-position":"center center","background-size":"auto","background-attachment":"scroll","background-type":"","background-media":"","overlay-type":"","overlay-color":"","overlay-opacity":"","overlay-gradient":""},"mobile":{"background-color":"","background-image":"","background-repeat":"repeat","background-position":"center center","background-size":"auto","background-attachment":"scroll","background-type":"","background-media":"","overlay-type":"","overlay-color":"","overlay-opacity":"","overlay-gradient":""}},"ast-content-background-meta":{"desktop":{"background-color":"var(--ast-global-color-5)","background-image":"","background-repeat":"repeat","background-position":"center center","background-size":"auto","background-attachment":"scroll","background-type":"","background-media":"","overlay-type":"","overlay-color":"","overlay-opacity":"","overlay-gradient":""},"tablet":{"background-color":"var(--ast-global-color-5)","background-image":"","background-repeat":"repeat","background-position":"center center","background-size":"auto","background-attachment":"scroll","background-type":"","background-media":"","overlay-type":"","overlay-color":"","overlay-opacity":"","overlay-gradient":""},"mobile":{"background-color":"var(--ast-global-color-5)","background-image":"","background-repeat":"repeat","background-position":"center center","background-size":"auto","background-attachment":"scroll","background-type":"","background-media":"","overlay-type":"","overlay-color":"","overlay-opacity":"","overlay-gradient":""}},"footnotes":""},"class_list":["post-2285","page","type-page","status-publish","hentry"],"aioseo_notices":[],"_links":{"self":[{"href":"https:\/\/grupomci.cl\/en\/wp-json\/wp\/v2\/pages\/2285","targetHints":{"allow":["GET"]}}],"collection":[{"href":"https:\/\/grupomci.cl\/en\/wp-json\/wp\/v2\/pages"}],"about":[{"href":"https:\/\/grupomci.cl\/en\/wp-json\/wp\/v2\/types\/page"}],"author":[{"embeddable":true,"href":"https:\/\/grupomci.cl\/en\/wp-json\/wp\/v2\/users\/1"}],"replies":[{"embeddable":true,"href":"https:\/\/grupomci.cl\/en\/wp-json\/wp\/v2\/comments?post=2285"}],"version-history":[{"count":16,"href":"https:\/\/grupomci.cl\/en\/wp-json\/wp\/v2\/pages\/2285\/revisions"}],"predecessor-version":[{"id":2302,"href":"https:\/\/grupomci.cl\/en\/wp-json\/wp\/v2\/pages\/2285\/revisions\/2302"}],"wp:attachment":[{"href":"https:\/\/grupomci.cl\/en\/wp-json\/wp\/v2\/media?parent=2285"}],"curies":[{"name":"wp","href":"https:\/\/api.w.org\/{rel}","templated":true}]}}